{"id":6,"date":"2022-02-08T16:40:30","date_gmt":"2022-02-08T19:40:30","guid":{"rendered":"https:\/\/contabilidadecaxias.com.br\/?page_id=6"},"modified":"2022-04-29T11:39:17","modified_gmt":"2022-04-29T14:39:17","slug":"sobre","status":"publish","type":"page","link":"https:\/\/contabilidadecaxias.com.br\/index.php\/sobre\/","title":{"rendered":"Sobre"},"content":{"rendered":"\t\t<div data-elementor-type=\"wp-page\" data-elementor-id=\"6\" class=\"elementor elementor-6\">\n\t\t\t\t\t\t<section class=\"elementor-section elementor-top-section elementor-element elementor-element-8a198e5 ct-section-stretched elementor-section-boxed elementor-section-height-default elementor-section-height-default\" data-id=\"8a198e5\" data-element_type=\"section\" data-e-type=\"section\" data-settings=\"{&quot;background_background&quot;:&quot;classic&quot;}\">\n\t\t\t\t\t\t<div class=\"elementor-container elementor-column-gap-default\">\n\t\t\t\t\t<div class=\"elementor-column elementor-col-100 elementor-top-column elementor-element elementor-element-2be8c4a\" data-id=\"2be8c4a\" data-element_type=\"column\" data-e-type=\"column\">\n\t\t\t<div class=\"elementor-widget-wrap elementor-element-populated\">\n\t\t\t\t\t\t<div class=\"elementor-element elementor-element-7755183 elementor-widget elementor-widget-heading\" data-id=\"7755183\" data-element_type=\"widget\" data-e-type=\"widget\" data-widget_type=\"heading.default\">\n\t\t\t\t<div class=\"elementor-widget-container\">\n\t\t\t\t\t<h2 class=\"elementor-heading-title elementor-size-default\">Conhe\u00e7a um pouco mais sobre n\u00f3s<\/h2>\t\t\t\t<\/div>\n\t\t\t\t<\/div>\n\t\t\t\t\t<\/div>\n\t\t<\/div>\n\t\t\t\t\t<\/div>\n\t\t<\/section>\n\t\t\t\t<section class=\"elementor-section elementor-top-section elementor-element elementor-element-0c082a7 elementor-section-boxed elementor-section-height-default elementor-section-height-default\" data-id=\"0c082a7\" data-element_type=\"section\" data-e-type=\"section\">\n\t\t\t\t\t\t<div class=\"elementor-container elementor-column-gap-default\">\n\t\t\t\t\t<div class=\"elementor-column elementor-col-100 elementor-top-column elementor-element elementor-element-dc10374\" data-id=\"dc10374\" data-element_type=\"column\" data-e-type=\"column\">\n\t\t\t<div class=\"elementor-widget-wrap elementor-element-populated\">\n\t\t\t\t\t\t<div class=\"elementor-element elementor-element-dfaebc1 elementor-widget elementor-widget-text-editor\" data-id=\"dfaebc1\" data-element_type=\"widget\" data-e-type=\"widget\" data-widget_type=\"text-editor.default\">\n\t\t\t\t<div class=\"elementor-widget-container\">\n\t\t\t\t\t\t\t\t\t<div dir=\"ltr\">O escrit\u00f3rio Francel Menezes Contabilidade \u00e9 uma empresa focada em 3 pilares:<\/div><div dir=\"ltr\">\u00a0<\/div><div dir=\"ltr\"><ul><li>Proporcionar a melhor experi\u00eancia e atendimento dos clientes<\/li><li dir=\"ltr\">Buscar evolu\u00e7\u00e3o t\u00e9cnica com const\u00e2ncia, atrav\u00e9s de muitos treinamentos e especializa\u00e7\u00f5es<\/li><li dir=\"ltr\">Investir na transforma\u00e7\u00e3o digital e avan\u00e7o tecnol\u00f3gico dos nossos processos<\/li><\/ul><\/div><div dir=\"ltr\">Para nos tornarmos cada vez melhores em nossos prop\u00f3sitos, definimos \u00e1reas espec\u00edficas para a nossa atua\u00e7\u00e3o com o objetivo de mergulharmos e nos aprofundarmos especificamente nestas \u00e1reas para nos tornarmos mais experientes a cada dia.<\/div><div dir=\"ltr\">\u00a0<\/div><div dir=\"ltr\">Por isso, atualmente o nosso escrit\u00f3rio de contabilidade estuda e se dedica aos neg\u00f3cios e empreendedores digitais, profissionais de sa\u00fade e demais prestadores de servi\u00e7os.<\/div><div dir=\"ltr\">\u00a0<\/div><div dir=\"ltr\">Nos \u00faltimos anos, atendemos a in\u00fameros empreendedores digitais como Youtubers, Influencers digitais, Blogueiros, Atores, Gamers, Streamers, Camgirls, Criadores de conte\u00fados de diversas plataformas, Afiliados, Infoprodutores, Profissionais de marketing digital (Gestores de tr\u00e1fego, Designers, Redatores, Editores de v\u00eddeos, Desenhistas e etc) Profissionais de TI (Consultores, Desenvolvedores, Programadores e etc).<\/div><div dir=\"ltr\">\u00a0<\/div><div dir=\"ltr\">Alem disso, tamb\u00e9m assessoramos muitos profissionais da sa\u00fade, como m\u00e9dicos, dentistas, psic\u00f3logos, terapeutas ocupacionais, fonoaudi\u00f3logos, veterin\u00e1rios, esteticistas e outros profissionais liberais, como arquitetos, engenheiros e outros prestadores de servi\u00e7os.<\/div><div dir=\"ltr\"><br aria-hidden=\"true\" \/>O escrit\u00f3rio tem sede no Rio de janeiro, e uma hist\u00f3ria de cerca de 70 anos de exist\u00eancia, considerando a funda\u00e7\u00e3o do primeiro escrit\u00f3rio de uma fam\u00edlia de contadores.<br aria-hidden=\"true\" \/><br aria-hidden=\"true\" \/><\/div><div dir=\"ltr\">Conhecido\u00a0inicialmente como Menezes Contabilidade, a partir de 2010 assumiu o nome de Francel Menezes Contabilidade.<\/div><div dir=\"ltr\"><br aria-hidden=\"true\" \/>Atualmente, o escrit\u00f3rio presta os seguintes servi\u00e7os:<br aria-hidden=\"true\" \/><br aria-hidden=\"true\" \/><\/div><div dir=\"ltr\">\u2013 Assessoria tribut\u00e1ria para pessoas f\u00edsicas<\/div><div dir=\"ltr\">\u2013 Assessoria tribut\u00e1ria para empresas<\/div><div dir=\"ltr\">\u2013 Assessoria cont\u00e1bil para empresas<\/div><div dir=\"ltr\">\u2013 Abertura, altera\u00e7\u00e3o e baixa de empresas<br aria-hidden=\"true\" \/>\u2013 Legaliza\u00e7\u00e3o e registro de marcas<br aria-hidden=\"true\" \/><br aria-hidden=\"true\" \/><\/div><div dir=\"ltr\">Comprometidos em buscar evolu\u00e7\u00e3o t\u00e9cnica constante e maior qualidade em nosso trabalho, temos contadores especializados em Gest\u00e3o tribut\u00e1ria, Auditoria e controladoria e Gest\u00e3o de tributos federais.<\/div><div dir=\"ltr\">\u00a0<\/div><div dir=\"ltr\">Al\u00e9m disso, temos outros profissionais cursando MBA em Marketing, Branding e Growth ; profissionais cursando An\u00e1lise e desenvolvimento de sistemas, Publicidade, Ci\u00eancias cont\u00e1beis, dentre outros.<\/div><div dir=\"ltr\">\u00a0<\/div><div dir=\"ltr\">Sejam bem vindos.<\/div><div dir=\"ltr\">\u00a0<\/div><div dir=\"ltr\">Esperamos que voc\u00eas tenham uma \u00f3tima experi\u00eancia conosco.<\/div><div dir=\"ltr\">\u00a0<\/div><div dir=\"ltr\">Somos apaixonados pelo que fazemos.<\/div><div dir=\"ltr\">\u00a0<\/div><div dir=\"ltr\">Contem conosco.<\/div>\t\t\t\t\t\t\t\t<\/div>\n\t\t\t\t<\/div>\n\t\t\t\t\t<\/div>\n\t\t<\/div>\n\t\t\t\t\t<\/div>\n\t\t<\/section>\n\t\t\t\t<\/div>\n\t\t","protected":false},"excerpt":{"rendered":"<p>Conhe\u00e7a um pouco mais sobre n\u00f3s O escrit\u00f3rio Francel Menezes Contabilidade \u00e9 uma empresa focada em 3 pilares:\u00a0 Proporcionar a melhor experi\u00eancia e atendimento dos clientes Buscar evolu\u00e7\u00e3o t\u00e9cnica com const\u00e2ncia, atrav\u00e9s de muitos treinamentos e especializa\u00e7\u00f5es Investir na transforma\u00e7\u00e3o digital e avan\u00e7o tecnol\u00f3gico dos nossos processos Para nos tornarmos cada vez melhores em nossos [&hellip;]<\/p>\n","protected":false},"author":1,"featured_media":0,"parent":0,"menu_order":0,"comment_status":"closed","ping_status":"open","template":"","meta":{"footnotes":""},"class_list":["post-6","page","type-page","status-publish","hentry"],"blocksy_meta":{"styles_descriptor":{"styles":{"desktop":"","tablet":"","mobile":""},"google_fonts":[],"version":6}},"yoast_head":"<!-- This site is optimized with the Yoast SEO plugin v27.3 - https:\/\/yoast.com\/product\/yoast-seo-wordpress\/ -->\n<title>Sobre - Contabilidade Caxias<\/title>\n<meta name=\"robots\" content=\"index, follow, max-snippet:-1, max-image-preview:large, max-video-preview:-1\" \/>\n<link rel=\"canonical\" href=\"https:\/\/contabilidadecaxias.com.br\/index.php\/sobre\/\" \/>\n<meta property=\"og:locale\" content=\"pt_BR\" \/>\n<meta property=\"og:type\" content=\"article\" \/>\n<meta property=\"og:title\" content=\"Sobre - Contabilidade Caxias\" \/>\n<meta property=\"og:description\" content=\"Conhe\u00e7a um pouco mais sobre n\u00f3s O escrit\u00f3rio Francel Menezes Contabilidade \u00e9 uma empresa focada em 3 pilares:\u00a0 Proporcionar a melhor experi\u00eancia e atendimento dos clientes Buscar evolu\u00e7\u00e3o t\u00e9cnica com const\u00e2ncia, atrav\u00e9s de muitos treinamentos e especializa\u00e7\u00f5es Investir na transforma\u00e7\u00e3o digital e avan\u00e7o tecnol\u00f3gico dos nossos processos Para nos tornarmos cada vez melhores em nossos [&hellip;]\" \/>\n<meta property=\"og:url\" content=\"https:\/\/contabilidadecaxias.com.br\/index.php\/sobre\/\" \/>\n<meta property=\"og:site_name\" content=\"Contabilidade Caxias\" \/>\n<meta property=\"article:modified_time\" content=\"2022-04-29T14:39:17+00:00\" \/>\n<meta name=\"twitter:card\" content=\"summary_large_image\" \/>\n<meta name=\"twitter:label1\" content=\"Est. tempo de leitura\" \/>\n\t<meta name=\"twitter:data1\" content=\"2 minutos\" \/>\n<script type=\"application\/ld+json\" class=\"yoast-schema-graph\">{\"@context\":\"https:\\\/\\\/schema.org\",\"@graph\":[{\"@type\":\"WebPage\",\"@id\":\"https:\\\/\\\/contabilidadecaxias.com.br\\\/index.php\\\/sobre\\\/\",\"url\":\"https:\\\/\\\/contabilidadecaxias.com.br\\\/index.php\\\/sobre\\\/\",\"name\":\"Sobre - Contabilidade Caxias\",\"isPartOf\":{\"@id\":\"https:\\\/\\\/contabilidadecaxias.com.br\\\/#website\"},\"datePublished\":\"2022-02-08T19:40:30+00:00\",\"dateModified\":\"2022-04-29T14:39:17+00:00\",\"breadcrumb\":{\"@id\":\"https:\\\/\\\/contabilidadecaxias.com.br\\\/index.php\\\/sobre\\\/#breadcrumb\"},\"inLanguage\":\"pt-BR\",\"potentialAction\":[{\"@type\":\"ReadAction\",\"target\":[\"https:\\\/\\\/contabilidadecaxias.com.br\\\/index.php\\\/sobre\\\/\"]}]},{\"@type\":\"BreadcrumbList\",\"@id\":\"https:\\\/\\\/contabilidadecaxias.com.br\\\/index.php\\\/sobre\\\/#breadcrumb\",\"itemListElement\":[{\"@type\":\"ListItem\",\"position\":1,\"name\":\"In\u00edcio\",\"item\":\"https:\\\/\\\/contabilidadecaxias.com.br\\\/\"},{\"@type\":\"ListItem\",\"position\":2,\"name\":\"Sobre\"}]},{\"@type\":\"WebSite\",\"@id\":\"https:\\\/\\\/contabilidadecaxias.com.br\\\/#website\",\"url\":\"https:\\\/\\\/contabilidadecaxias.com.br\\\/\",\"name\":\"Contabilidade Caxias\",\"description\":\"Site especializado em Contabilidade para Caxias.\",\"potentialAction\":[{\"@type\":\"SearchAction\",\"target\":{\"@type\":\"EntryPoint\",\"urlTemplate\":\"https:\\\/\\\/contabilidadecaxias.com.br\\\/?s={search_term_string}\"},\"query-input\":{\"@type\":\"PropertyValueSpecification\",\"valueRequired\":true,\"valueName\":\"search_term_string\"}}],\"inLanguage\":\"pt-BR\"}]}<\/script>\n<!-- \/ Yoast SEO plugin. -->","yoast_head_json":{"title":"Sobre - Contabilidade Caxias","robots":{"index":"index","follow":"follow","max-snippet":"max-snippet:-1","max-image-preview":"max-image-preview:large","max-video-preview":"max-video-preview:-1"},"canonical":"https:\/\/contabilidadecaxias.com.br\/index.php\/sobre\/","og_locale":"pt_BR","og_type":"article","og_title":"Sobre - Contabilidade Caxias","og_description":"Conhe\u00e7a um pouco mais sobre n\u00f3s O escrit\u00f3rio Francel Menezes Contabilidade \u00e9 uma empresa focada em 3 pilares:\u00a0 Proporcionar a melhor experi\u00eancia e atendimento dos clientes Buscar evolu\u00e7\u00e3o t\u00e9cnica com const\u00e2ncia, atrav\u00e9s de muitos treinamentos e especializa\u00e7\u00f5es Investir na transforma\u00e7\u00e3o digital e avan\u00e7o tecnol\u00f3gico dos nossos processos Para nos tornarmos cada vez melhores em nossos [&hellip;]","og_url":"https:\/\/contabilidadecaxias.com.br\/index.php\/sobre\/","og_site_name":"Contabilidade Caxias","article_modified_time":"2022-04-29T14:39:17+00:00","twitter_card":"summary_large_image","twitter_misc":{"Est. tempo de leitura":"2 minutos"},"schema":{"@context":"https:\/\/schema.org","@graph":[{"@type":"WebPage","@id":"https:\/\/contabilidadecaxias.com.br\/index.php\/sobre\/","url":"https:\/\/contabilidadecaxias.com.br\/index.php\/sobre\/","name":"Sobre - Contabilidade Caxias","isPartOf":{"@id":"https:\/\/contabilidadecaxias.com.br\/#website"},"datePublished":"2022-02-08T19:40:30+00:00","dateModified":"2022-04-29T14:39:17+00:00","breadcrumb":{"@id":"https:\/\/contabilidadecaxias.com.br\/index.php\/sobre\/#breadcrumb"},"inLanguage":"pt-BR","potentialAction":[{"@type":"ReadAction","target":["https:\/\/contabilidadecaxias.com.br\/index.php\/sobre\/"]}]},{"@type":"BreadcrumbList","@id":"https:\/\/contabilidadecaxias.com.br\/index.php\/sobre\/#breadcrumb","itemListElement":[{"@type":"ListItem","position":1,"name":"In\u00edcio","item":"https:\/\/contabilidadecaxias.com.br\/"},{"@type":"ListItem","position":2,"name":"Sobre"}]},{"@type":"WebSite","@id":"https:\/\/contabilidadecaxias.com.br\/#website","url":"https:\/\/contabilidadecaxias.com.br\/","name":"Contabilidade Caxias","description":"Site especializado em Contabilidade para Caxias.","potentialAction":[{"@type":"SearchAction","target":{"@type":"EntryPoint","urlTemplate":"https:\/\/contabilidadecaxias.com.br\/?s={search_term_string}"},"query-input":{"@type":"PropertyValueSpecification","valueRequired":true,"valueName":"search_term_string"}}],"inLanguage":"pt-BR"}]}},"_links":{"self":[{"href":"https:\/\/contabilidadecaxias.com.br\/index.php\/wp-json\/wp\/v2\/pages\/6","targetHints":{"allow":["GET"]}}],"collection":[{"href":"https:\/\/contabilidadecaxias.com.br\/index.php\/wp-json\/wp\/v2\/pages"}],"about":[{"href":"https:\/\/contabilidadecaxias.com.br\/index.php\/wp-json\/wp\/v2\/types\/page"}],"author":[{"embeddable":true,"href":"https:\/\/contabilidadecaxias.com.br\/index.php\/wp-json\/wp\/v2\/users\/1"}],"replies":[{"embeddable":true,"href":"https:\/\/contabilidadecaxias.com.br\/index.php\/wp-json\/wp\/v2\/comments?post=6"}],"version-history":[{"count":0,"href":"https:\/\/contabilidadecaxias.com.br\/index.php\/wp-json\/wp\/v2\/pages\/6\/revisions"}],"wp:attachment":[{"href":"https:\/\/contabilidadecaxias.com.br\/index.php\/wp-json\/wp\/v2\/media?parent=6"}],"curies":[{"name":"wp","href":"https:\/\/api.w.org\/{rel}","templated":true}]}}